{"id":71,"date":"2024-01-23T17:30:19","date_gmt":"2024-01-23T17:30:19","guid":{"rendered":"https:\/\/studiomirta.com\/?page_id=71"},"modified":"2024-10-19T22:30:00","modified_gmt":"2024-10-19T20:30:00","slug":"opremljenost","status":"publish","type":"page","link":"https:\/\/studiomirta.com\/?page_id=71","title":{"rendered":"Opremljenost I"},"content":{"rendered":"\n<p>Studio Mirta je bogato opremljen kvalitetnim ure\u0111ajima i opremom.<\/p>\n\n\n\n<hr class=\"wp-block-separator has-alpha-channel-opacity\"\/>\n\n\n\n<div class=\"wp-block-media-text is-stacked-on-mobile\"><figure class=\"wp-block-media-text__media\"><img loading=\"lazy\" decoding=\"async\" width=\"1024\" height=\"768\" src=\"https:\/\/studiomirta.com\/wp-content\/uploads\/2024\/01\/IMG_20240126_135308-EDIT-1024x768.jpg\" alt=\"\" class=\"wp-image-239 size-full\" srcset=\"https:\/\/studiomirta.com\/wp-content\/uploads\/2024\/01\/IMG_20240126_135308-EDIT-1024x768.jpg 1024w, https:\/\/studiomirta.com\/wp-content\/uploads\/2024\/01\/IMG_20240126_135308-EDIT-300x225.jpg 300w, https:\/\/studiomirta.com\/wp-content\/uploads\/2024\/01\/IMG_20240126_135308-EDIT-768x576.jpg 768w, https:\/\/studiomirta.com\/wp-content\/uploads\/2024\/01\/IMG_20240126_135308-EDIT-1536x1152.jpg 1536w, https:\/\/studiomirta.com\/wp-content\/uploads\/2024\/01\/IMG_20240126_135308-EDIT-2048x1536.jpg 2048w\" sizes=\"(max-width: 1024px) 100vw, 1024px\" \/><\/figure><div class=\"wp-block-media-text__content\">\n<h2 class=\"wp-block-heading\">Spava\u0107i prostor<\/h2>\n\n\n\n<ul>\n<li>Fiksni le\u017eaj dimenzija 140*200<\/li>\n<\/ul>\n\n\n\n<ul>\n<li>Kau\u010d na razvla\u010denje dimenzija 140*200<\/li>\n<\/ul>\n<\/div><\/div>\n\n\n\n<hr class=\"wp-block-separator has-alpha-channel-opacity\"\/>\n\n\n\n<div class=\"wp-block-media-text has-media-on-the-right is-stacked-on-mobile\" style=\"grid-template-columns:auto 60%\"><div class=\"wp-block-media-text__content\">\n<h2 class=\"wp-block-heading\">Kuhinja<\/h2>\n\n\n\n<ul>\n<li>Sudoper<\/li>\n\n\n\n<li>Indukcijska plo\u0107a za kuhanje<\/li>\n\n\n\n<li>Hladnjak sa ledenicom<\/li>\n\n\n\n<li>Perilica su\u0111a<\/li>\n\n\n\n<li>Perilica rublja<\/li>\n\n\n\n<li>Mikrovalna pe\u0107nica<\/li>\n\n\n\n<li>Toster<\/li>\n\n\n\n<li>Kuhalo vode<\/li>\n\n\n\n<li>Kuhinjske krpe<\/li>\n\n\n\n<li>Ostalo: deterd\u017eent za pranje su\u0111a, tablete za perilicu posu\u0111a, vre\u0107e za sme\u0107e<\/li>\n\n\n\n<li>Osnovne namirnice za kuhanje: ulje, ocat, sol, \u0161e\u0107er, za\u010dini, kava, \u010daj<\/li>\n<\/ul>\n<\/div><figure class=\"wp-block-media-text__media\"><img loading=\"lazy\" decoding=\"async\" width=\"1024\" height=\"768\" src=\"https:\/\/studiomirta.com\/wp-content\/uploads\/2024\/01\/IMG_20240125_130519-EDIT-1024x768.jpg\" alt=\"\" class=\"wp-image-217 size-full\" srcset=\"https:\/\/studiomirta.com\/wp-content\/uploads\/2024\/01\/IMG_20240125_130519-EDIT-1024x768.jpg 1024w, https:\/\/studiomirta.com\/wp-content\/uploads\/2024\/01\/IMG_20240125_130519-EDIT-300x225.jpg 300w, https:\/\/studiomirta.com\/wp-content\/uploads\/2024\/01\/IMG_20240125_130519-EDIT-768x576.jpg 768w, https:\/\/studiomirta.com\/wp-content\/uploads\/2024\/01\/IMG_20240125_130519-EDIT-1536x1152.jpg 1536w, https:\/\/studiomirta.com\/wp-content\/uploads\/2024\/01\/IMG_20240125_130519-EDIT-2048x1536.jpg 2048w\" sizes=\"(max-width: 1024px) 100vw, 1024px\" \/><\/figure><\/div>\n\n\n\n<hr class=\"wp-block-separator has-alpha-channel-opacity\"\/>\n\n\n\n<div class=\"wp-block-columns alignwide are-vertically-aligned-top is-layout-flex wp-container-core-columns-layout-1 wp-block-columns-is-layout-flex\">\n<div class=\"wp-block-column is-vertically-aligned-top is-layout-flow wp-block-column-is-layout-flow\">\n<div class=\"wp-block-group wp-container-content-2 is-vertical is-content-justification-left is-nowrap is-layout-flex wp-container-core-group-layout-1 wp-block-group-is-layout-flex\" style=\"margin-top:0;margin-bottom:0\">\n<figure class=\"wp-block-image size-large wp-container-content-1\"><img loading=\"lazy\" decoding=\"async\" width=\"1024\" height=\"768\" src=\"https:\/\/studiomirta.com\/wp-content\/uploads\/2024\/01\/IMG_20230115_120104-EDIT-1024x768.jpg\" alt=\"\" class=\"wp-image-39\" srcset=\"https:\/\/studiomirta.com\/wp-content\/uploads\/2024\/01\/IMG_20230115_120104-EDIT-1024x768.jpg 1024w, https:\/\/studiomirta.com\/wp-content\/uploads\/2024\/01\/IMG_20230115_120104-EDIT-300x225.jpg 300w, https:\/\/studiomirta.com\/wp-content\/uploads\/2024\/01\/IMG_20230115_120104-EDIT-768x576.jpg 768w, https:\/\/studiomirta.com\/wp-content\/uploads\/2024\/01\/IMG_20230115_120104-EDIT-1536x1152.jpg 1536w, https:\/\/studiomirta.com\/wp-content\/uploads\/2024\/01\/IMG_20230115_120104-EDIT-2048x1536.jpg 2048w\" sizes=\"(max-width: 1024px) 100vw, 1024px\" \/><\/figure>\n<\/div>\n<\/div>\n\n\n\n<div class=\"wp-block-column is-vertically-aligned-top is-layout-flow wp-block-column-is-layout-flow\">\n<div class=\"wp-block-group wp-container-content-3 is-vertical is-layout-flex wp-container-core-group-layout-3 wp-block-group-is-layout-flex\" style=\"margin-top:0;margin-bottom:0\">\n<div class=\"wp-block-group is-vertical is-nowrap is-layout-flex wp-container-core-group-layout-2 wp-block-group-is-layout-flex\">\n<h2 class=\"wp-block-heading\">Blagavaona<\/h2>\n<\/div>\n\n\n\n<figure class=\"wp-block-image size-large\" style=\"font-size:14px\"><img loading=\"lazy\" decoding=\"async\" width=\"768\" height=\"1024\" src=\"https:\/\/studiomirta.com\/wp-content\/uploads\/2024\/01\/IMG_20230114_142024-EDIT-768x1024.jpg\" alt=\"\" class=\"wp-image-35\" srcset=\"https:\/\/studiomirta.com\/wp-content\/uploads\/2024\/01\/IMG_20230114_142024-EDIT-768x1024.jpg 768w, https:\/\/studiomirta.com\/wp-content\/uploads\/2024\/01\/IMG_20230114_142024-EDIT-225x300.jpg 225w, https:\/\/studiomirta.com\/wp-content\/uploads\/2024\/01\/IMG_20230114_142024-EDIT-1152x1536.jpg 1152w, https:\/\/studiomirta.com\/wp-content\/uploads\/2024\/01\/IMG_20230114_142024-EDIT-1536x2048.jpg 1536w, https:\/\/studiomirta.com\/wp-content\/uploads\/2024\/01\/IMG_20230114_142024-EDIT-scaled.jpg 1920w\" sizes=\"(max-width: 768px) 100vw, 768px\" \/><\/figure>\n<\/div>\n<\/div>\n<\/div>\n\n\n\n<hr class=\"wp-block-separator has-alpha-channel-opacity\"\/>\n\n\n\n<h2 class=\"wp-block-heading\">Kupaonica<\/h2>\n\n\n\n<div class=\"wp-block-group is-layout-constrained wp-block-group-is-layout-constrained\"><div class=\"wp-block-group__inner-container\">\n<figure class=\"wp-block-image size-large\"><img loading=\"lazy\" decoding=\"async\" width=\"683\" height=\"1024\" src=\"https:\/\/studiomirta.com\/wp-content\/uploads\/2024\/01\/IMG_9113-683x1024.jpg\" alt=\"\" class=\"wp-image-24\" srcset=\"https:\/\/studiomirta.com\/wp-content\/uploads\/2024\/01\/IMG_9113-683x1024.jpg 683w, https:\/\/studiomirta.com\/wp-content\/uploads\/2024\/01\/IMG_9113-200x300.jpg 200w, https:\/\/studiomirta.com\/wp-content\/uploads\/2024\/01\/IMG_9113-768x1152.jpg 768w, https:\/\/studiomirta.com\/wp-content\/uploads\/2024\/01\/IMG_9113-1024x1536.jpg 1024w, https:\/\/studiomirta.com\/wp-content\/uploads\/2024\/01\/IMG_9113-1365x2048.jpg 1365w, https:\/\/studiomirta.com\/wp-content\/uploads\/2024\/01\/IMG_9113-scaled.jpg 1707w\" sizes=\"(max-width: 683px) 100vw, 683px\" \/><\/figure>\n<\/div><\/div>\n\n\n\n<hr class=\"wp-block-separator has-alpha-channel-opacity\"\/>\n\n\n\n<h2 class=\"wp-block-heading\">Ostala oprema<\/h2>\n\n\n\n<ul>\n<li>HD TV<\/li>\n\n\n\n<li>Klima<\/li>\n\n\n\n<li>Pegla<\/li>\n\n\n\n<li>Su\u0161ilica<\/li>\n\n\n\n<li>Fen za kosu<\/li>\n\n\n\n<li>Posteljina<\/li>\n\n\n\n<li>Ru\u010dnici<\/li>\n\n\n\n<li>Kuhinjske krpe<\/li>\n<\/ul>\n","protected":false},"excerpt":{"rendered":"<p>Studio Mirta je bogato opremljen kvalitetnim ure\u0111ajima i opremom. Blagavaona Kupaonica Ostala oprema<\/p>\n","protected":false},"author":1,"featured_media":0,"parent":58,"menu_order":2,"comment_status":"closed","ping_status":"closed","template":"","meta":{"footnotes":""},"_links":{"self":[{"href":"https:\/\/studiomirta.com\/index.php?rest_route=\/wp\/v2\/pages\/71"}],"collection":[{"href":"https:\/\/studiomirta.com\/index.php?rest_route=\/wp\/v2\/pages"}],"about":[{"href":"https:\/\/studiomirta.com\/index.php?rest_route=\/wp\/v2\/types\/page"}],"author":[{"embeddable":true,"href":"https:\/\/studiomirta.com\/index.php?rest_route=\/wp\/v2\/users\/1"}],"replies":[{"embeddable":true,"href":"https:\/\/studiomirta.com\/index.php?rest_route=%2Fwp%2Fv2%2Fcomments&post=71"}],"version-history":[{"count":26,"href":"https:\/\/studiomirta.com\/index.php?rest_route=\/wp\/v2\/pages\/71\/revisions"}],"predecessor-version":[{"id":468,"href":"https:\/\/studiomirta.com\/index.php?rest_route=\/wp\/v2\/pages\/71\/revisions\/468"}],"up":[{"embeddable":true,"href":"https:\/\/studiomirta.com\/index.php?rest_route=\/wp\/v2\/pages\/58"}],"wp:attachment":[{"href":"https:\/\/studiomirta.com\/index.php?rest_route=%2Fwp%2Fv2%2Fmedia&parent=71"}],"curies":[{"name":"wp","href":"https:\/\/api.w.org\/{rel}","templated":true}]}}