{"id":58,"date":"2024-01-23T17:00:45","date_gmt":"2024-01-23T17:00:45","guid":{"rendered":"https:\/\/studiomirta.com\/?page_id=58"},"modified":"2024-10-19T23:17:59","modified_gmt":"2024-10-19T21:17:59","slug":"studio-apartman-mirta","status":"publish","type":"page","link":"https:\/\/studiomirta.com\/?page_id=58","title":{"rendered":"Studio apartman Mirta I"},"content":{"rendered":"\n<div class=\"wp-block-media-text has-media-on-the-right is-stacked-on-mobile\" style=\"grid-template-columns:auto 49%\"><div class=\"wp-block-media-text__content\">\n<p><\/p>\n\n\n\n<p class=\"has-text-align-left\">Studio apartman Mirta nalazi se u Vara\u017edinu. Izuzetno je ugodan i miran smje\u0161taj sa pogledom na dvori\u0161te. Nalazi se u stambenoj zgradi, na prvom katu. Na ulazu u zgradu nalazi se dovoljno parkirnih mjesta koja se ne napla\u0107uju. <\/p>\n\n\n\n<p class=\"has-text-align-left\">Gostima je omogu\u0107en samostalan ulazak u zgradu i Studio putem kodova (self check-in &amp; out). <\/p>\n\n\n\n<p class=\"has-text-align-left\">Studio je udaljen 900m od gradskog sredi\u0161ta, 200 metara od Gradskih bazena i Tehnolo\u0161kog parka te 500m od nogometnog stadiona An\u0111elko Herjavec (Varteks).<\/p>\n\n\n\n<p class=\"has-text-align-left\"> U neposrednoj blizini nalaze se supermarketi, banka, ljekarna, po\u0161ta i pekara.<\/p>\n<\/div><figure class=\"wp-block-media-text__media\"><img loading=\"lazy\" decoding=\"async\" width=\"1024\" height=\"768\" src=\"https:\/\/studiomirta.com\/wp-content\/uploads\/2024\/01\/IMG_20230115_120104-EDIT-1024x768.jpg\" alt=\"\" class=\"wp-image-39 size-full\" srcset=\"https:\/\/studiomirta.com\/wp-content\/uploads\/2024\/01\/IMG_20230115_120104-EDIT-1024x768.jpg 1024w, https:\/\/studiomirta.com\/wp-content\/uploads\/2024\/01\/IMG_20230115_120104-EDIT-300x225.jpg 300w, https:\/\/studiomirta.com\/wp-content\/uploads\/2024\/01\/IMG_20230115_120104-EDIT-768x576.jpg 768w, https:\/\/studiomirta.com\/wp-content\/uploads\/2024\/01\/IMG_20230115_120104-EDIT-1536x1152.jpg 1536w, https:\/\/studiomirta.com\/wp-content\/uploads\/2024\/01\/IMG_20230115_120104-EDIT-2048x1536.jpg 2048w\" sizes=\"(max-width: 1024px) 100vw, 1024px\" \/><\/figure><\/div>\n","protected":false},"excerpt":{"rendered":"<p>Studio apartman Mirta nalazi se u Vara\u017edinu. Izuzetno je ugodan i miran smje\u0161taj sa pogledom na dvori\u0161te. Nalazi se u stambenoj zgradi, na prvom katu. Na ulazu u zgradu nalazi se dovoljno parkirnih mjesta koja se ne napla\u0107uju. Gostima je omogu\u0107en samostalan ulazak u zgradu&nbsp;<a class=\"read-more\" href=\"https:\/\/studiomirta.com\/?page_id=58\">&hellip;<\/a><\/p>\n","protected":false},"author":1,"featured_media":56,"parent":0,"menu_order":0,"comment_status":"closed","ping_status":"closed","template":"","meta":{"footnotes":""},"_links":{"self":[{"href":"https:\/\/studiomirta.com\/index.php?rest_route=\/wp\/v2\/pages\/58"}],"collection":[{"href":"https:\/\/studiomirta.com\/index.php?rest_route=\/wp\/v2\/pages"}],"about":[{"href":"https:\/\/studiomirta.com\/index.php?rest_route=\/wp\/v2\/types\/page"}],"author":[{"embeddable":true,"href":"https:\/\/studiomirta.com\/index.php?rest_route=\/wp\/v2\/users\/1"}],"replies":[{"embeddable":true,"href":"https:\/\/studiomirta.com\/index.php?rest_route=%2Fwp%2Fv2%2Fcomments&post=58"}],"version-history":[{"count":21,"href":"https:\/\/studiomirta.com\/index.php?rest_route=\/wp\/v2\/pages\/58\/revisions"}],"predecessor-version":[{"id":495,"href":"https:\/\/studiomirta.com\/index.php?rest_route=\/wp\/v2\/pages\/58\/revisions\/495"}],"wp:featuredmedia":[{"embeddable":true,"href":"https:\/\/studiomirta.com\/index.php?rest_route=\/wp\/v2\/media\/56"}],"wp:attachment":[{"href":"https:\/\/studiomirta.com\/index.php?rest_route=%2Fwp%2Fv2%2Fmedia&parent=58"}],"curies":[{"name":"wp","href":"https:\/\/api.w.org\/{rel}","templated":true}]}}