{"id":471,"date":"2024-10-19T22:39:57","date_gmt":"2024-10-19T20:39:57","guid":{"rendered":"https:\/\/studiomirta.com\/?page_id=471"},"modified":"2024-10-22T16:17:13","modified_gmt":"2024-10-22T14:17:13","slug":"o-meni","status":"publish","type":"page","link":"https:\/\/studiomirta.com\/","title":{"rendered":"Smje\u0161taj"},"content":{"rendered":"\n<p class=\"has-text-align-left\">Na lokaciji Zagreba\u010dka 86B za potrebe dnevnog ili kratkoro\u010dnog najma dostupna su dva studio apartmana. <\/p>\n\n\n\n<p class=\"has-text-align-left\">Studio apartman Mirta I nalazi se na strani \u010diji prozor gleda u dvori\u0161te, a Studio apartman Mirta 2 gleda na Zagreba\u010dku ulicu.<\/p>\n\n\n\n<p class=\"has-text-align-left\"><strong>Apartmani se nalaze na istom katu jedan nasuprot drugome \u0161to je vrlo zgodno ako \u017eelite rezervirati smje\u0161taj za vi\u0161e osoba (do 6).<\/strong><\/p>\n\n\n\n<p class=\"has-text-align-left\">Svaki studio apartman registriran je za 3 osobe, sadr\u017ei jedan fiksni le\u017eaj, te po jedan pomo\u0107ni le\u017eaj (kau\u010d- Studio Mirta I) ili fotelja (Studio Mirta II).<\/p>\n\n\n\n<div class=\"wp-block-columns is-layout-flex wp-container-core-columns-layout-1 wp-block-columns-is-layout-flex\">\n<div class=\"wp-block-column is-layout-flow wp-block-column-is-layout-flow\">\n<figure class=\"wp-block-image size-large\"><img loading=\"lazy\" decoding=\"async\" width=\"1024\" height=\"768\" src=\"https:\/\/studiomirta.com\/wp-content\/uploads\/2024\/01\/IMG_20240125_131534-EDIT-1024x768.jpg\" alt=\"\" class=\"wp-image-221\" srcset=\"https:\/\/studiomirta.com\/wp-content\/uploads\/2024\/01\/IMG_20240125_131534-EDIT-1024x768.jpg 1024w, https:\/\/studiomirta.com\/wp-content\/uploads\/2024\/01\/IMG_20240125_131534-EDIT-300x225.jpg 300w, https:\/\/studiomirta.com\/wp-content\/uploads\/2024\/01\/IMG_20240125_131534-EDIT-768x576.jpg 768w, https:\/\/studiomirta.com\/wp-content\/uploads\/2024\/01\/IMG_20240125_131534-EDIT-1536x1152.jpg 1536w, https:\/\/studiomirta.com\/wp-content\/uploads\/2024\/01\/IMG_20240125_131534-EDIT-2048x1536.jpg 2048w\" sizes=\"(max-width: 1024px) 100vw, 1024px\" \/><\/figure>\n<\/div>\n\n\n\n<div class=\"wp-block-column is-layout-flow wp-block-column-is-layout-flow\">\n<figure class=\"wp-block-image size-large\"><img loading=\"lazy\" decoding=\"async\" width=\"1024\" height=\"768\" src=\"https:\/\/studiomirta.com\/wp-content\/uploads\/2024\/10\/StudioMirtaII_Dnevni_003-2-1024x768.jpg\" alt=\"\" class=\"wp-image-447\" srcset=\"https:\/\/studiomirta.com\/wp-content\/uploads\/2024\/10\/StudioMirtaII_Dnevni_003-2-1024x768.jpg 1024w, https:\/\/studiomirta.com\/wp-content\/uploads\/2024\/10\/StudioMirtaII_Dnevni_003-2-300x225.jpg 300w, https:\/\/studiomirta.com\/wp-content\/uploads\/2024\/10\/StudioMirtaII_Dnevni_003-2-768x576.jpg 768w, https:\/\/studiomirta.com\/wp-content\/uploads\/2024\/10\/StudioMirtaII_Dnevni_003-2-1536x1152.jpg 1536w, https:\/\/studiomirta.com\/wp-content\/uploads\/2024\/10\/StudioMirtaII_Dnevni_003-2-2048x1536.jpg 2048w\" sizes=\"(max-width: 1024px) 100vw, 1024px\" \/><\/figure>\n<\/div>\n<\/div>\n\n\n\n<p>Oba apartmana opremljena su svime \u0161to je potrebno za kratki, i du\u017ei boravak.<\/p>\n\n\n\n<p>Ku\u0107ni ljubimci nisu dopu\u0161teni.<\/p>\n\n\n\n<div class=\"wp-block-columns is-layout-flex wp-container-core-columns-layout-2 wp-block-columns-is-layout-flex\">\n<div class=\"wp-block-column is-layout-flow wp-block-column-is-layout-flow\">\n<figure class=\"wp-block-image size-large\"><img loading=\"lazy\" decoding=\"async\" width=\"1024\" height=\"768\" src=\"https:\/\/studiomirta.com\/wp-content\/uploads\/2024\/01\/IMG_20230312_121522-EDIT-1024x768.jpg\" alt=\"\" class=\"wp-image-44\" srcset=\"https:\/\/studiomirta.com\/wp-content\/uploads\/2024\/01\/IMG_20230312_121522-EDIT-1024x768.jpg 1024w, https:\/\/studiomirta.com\/wp-content\/uploads\/2024\/01\/IMG_20230312_121522-EDIT-300x225.jpg 300w, https:\/\/studiomirta.com\/wp-content\/uploads\/2024\/01\/IMG_20230312_121522-EDIT-768x576.jpg 768w, https:\/\/studiomirta.com\/wp-content\/uploads\/2024\/01\/IMG_20230312_121522-EDIT-1536x1152.jpg 1536w, https:\/\/studiomirta.com\/wp-content\/uploads\/2024\/01\/IMG_20230312_121522-EDIT-2048x1536.jpg 2048w\" sizes=\"(max-width: 1024px) 100vw, 1024px\" \/><\/figure>\n<\/div>\n\n\n\n<div class=\"wp-block-column is-layout-flow wp-block-column-is-layout-flow\">\n<figure class=\"wp-block-image size-large\"><img loading=\"lazy\" decoding=\"async\" width=\"1024\" height=\"768\" src=\"https:\/\/studiomirta.com\/wp-content\/uploads\/2024\/10\/StudioMirtaII_Dnevni_004-1024x768.jpg\" alt=\"\" class=\"wp-image-446\" srcset=\"https:\/\/studiomirta.com\/wp-content\/uploads\/2024\/10\/StudioMirtaII_Dnevni_004-1024x768.jpg 1024w, https:\/\/studiomirta.com\/wp-content\/uploads\/2024\/10\/StudioMirtaII_Dnevni_004-300x225.jpg 300w, https:\/\/studiomirta.com\/wp-content\/uploads\/2024\/10\/StudioMirtaII_Dnevni_004-768x576.jpg 768w, https:\/\/studiomirta.com\/wp-content\/uploads\/2024\/10\/StudioMirtaII_Dnevni_004-1536x1152.jpg 1536w, https:\/\/studiomirta.com\/wp-content\/uploads\/2024\/10\/StudioMirtaII_Dnevni_004-2048x1536.jpg 2048w\" sizes=\"(max-width: 1024px) 100vw, 1024px\" \/><\/figure>\n<\/div>\n<\/div>\n\n\n\n<div class=\"wp-block-columns is-layout-flex wp-container-core-columns-layout-3 wp-block-columns-is-layout-flex\">\n<div class=\"wp-block-column is-layout-flow wp-block-column-is-layout-flow\">\n<figure class=\"wp-block-image size-large\"><img loading=\"lazy\" decoding=\"async\" width=\"1024\" height=\"770\" src=\"https:\/\/studiomirta.com\/wp-content\/uploads\/2024\/01\/IMG_20230316_125306-EDIT-2-1024x770.jpg\" alt=\"\" class=\"wp-image-45\" srcset=\"https:\/\/studiomirta.com\/wp-content\/uploads\/2024\/01\/IMG_20230316_125306-EDIT-2-1024x770.jpg 1024w, https:\/\/studiomirta.com\/wp-content\/uploads\/2024\/01\/IMG_20230316_125306-EDIT-2-300x226.jpg 300w, https:\/\/studiomirta.com\/wp-content\/uploads\/2024\/01\/IMG_20230316_125306-EDIT-2-768x577.jpg 768w, https:\/\/studiomirta.com\/wp-content\/uploads\/2024\/01\/IMG_20230316_125306-EDIT-2-1536x1155.jpg 1536w, https:\/\/studiomirta.com\/wp-content\/uploads\/2024\/01\/IMG_20230316_125306-EDIT-2-2048x1540.jpg 2048w\" sizes=\"(max-width: 1024px) 100vw, 1024px\" \/><\/figure>\n<\/div>\n\n\n\n<div class=\"wp-block-column is-layout-flow wp-block-column-is-layout-flow\">\n<figure class=\"wp-block-image size-large\"><img loading=\"lazy\" decoding=\"async\" width=\"1024\" height=\"768\" src=\"https:\/\/studiomirta.com\/wp-content\/uploads\/2024\/10\/StudioMirtaII_Kuhinja_002-1024x768.jpg\" alt=\"\" class=\"wp-image-440\" srcset=\"https:\/\/studiomirta.com\/wp-content\/uploads\/2024\/10\/StudioMirtaII_Kuhinja_002-1024x768.jpg 1024w, https:\/\/studiomirta.com\/wp-content\/uploads\/2024\/10\/StudioMirtaII_Kuhinja_002-300x225.jpg 300w, https:\/\/studiomirta.com\/wp-content\/uploads\/2024\/10\/StudioMirtaII_Kuhinja_002-768x576.jpg 768w, https:\/\/studiomirta.com\/wp-content\/uploads\/2024\/10\/StudioMirtaII_Kuhinja_002-1536x1152.jpg 1536w, https:\/\/studiomirta.com\/wp-content\/uploads\/2024\/10\/StudioMirtaII_Kuhinja_002-2048x1536.jpg 2048w\" sizes=\"(max-width: 1024px) 100vw, 1024px\" \/><\/figure>\n<\/div>\n<\/div>\n","protected":false},"excerpt":{"rendered":"<p>Na lokaciji Zagreba\u010dka 86B za potrebe dnevnog ili kratkoro\u010dnog najma dostupna su dva studio apartmana. Studio apartman Mirta I nalazi se na strani \u010diji prozor gleda u dvori\u0161te, a Studio apartman Mirta 2 gleda na Zagreba\u010dku ulicu. Apartmani se nalaze na istom katu jedan nasuprot&nbsp;<a class=\"read-more\" href=\"https:\/\/studiomirta.com\/\">&hellip;<\/a><\/p>\n","protected":false},"author":1,"featured_media":0,"parent":0,"menu_order":0,"comment_status":"closed","ping_status":"closed","template":"","meta":{"footnotes":""},"_links":{"self":[{"href":"https:\/\/studiomirta.com\/index.php?rest_route=\/wp\/v2\/pages\/471"}],"collection":[{"href":"https:\/\/studiomirta.com\/index.php?rest_route=\/wp\/v2\/pages"}],"about":[{"href":"https:\/\/studiomirta.com\/index.php?rest_route=\/wp\/v2\/types\/page"}],"author":[{"embeddable":true,"href":"https:\/\/studiomirta.com\/index.php?rest_route=\/wp\/v2\/users\/1"}],"replies":[{"embeddable":true,"href":"https:\/\/studiomirta.com\/index.php?rest_route=%2Fwp%2Fv2%2Fcomments&post=471"}],"version-history":[{"count":8,"href":"https:\/\/studiomirta.com\/index.php?rest_route=\/wp\/v2\/pages\/471\/revisions"}],"predecessor-version":[{"id":508,"href":"https:\/\/studiomirta.com\/index.php?rest_route=\/wp\/v2\/pages\/471\/revisions\/508"}],"wp:attachment":[{"href":"https:\/\/studiomirta.com\/index.php?rest_route=%2Fwp%2Fv2%2Fmedia&parent=471"}],"curies":[{"name":"wp","href":"https:\/\/api.w.org\/{rel}","templated":true}]}}