{"id":454,"date":"2024-10-19T22:12:47","date_gmt":"2024-10-19T20:12:47","guid":{"rendered":"https:\/\/studiomirta.com\/?page_id=454"},"modified":"2024-10-22T12:34:37","modified_gmt":"2024-10-22T10:34:37","slug":"slike-mirta-ii","status":"publish","type":"page","link":"https:\/\/studiomirta.com\/?page_id=454","title":{"rendered":"Slike Mirta II"},"content":{"rendered":"\n<p>Dragi gosti, vrlo pa\u017eljivo sam ure\u0111ivala interijer ovog prostora da sadr\u017ei sve ono \u0161to Vam je potrebno na putovanju. Izuzetno mi je va\u017eno da se osje\u0107ate ugodno i opu\u0161teno te da svojim smje\u0161tajem doprinesem kvaliteti i u\u017eitku Va\u0161eg putovanja i pomognem u stvaranju divnih uspomena.<\/p>\n\n\n\n<hr class=\"wp-block-separator has-alpha-channel-opacity\"\/>\n\n\n\n<h1 class=\"wp-block-heading\">Kuhinja<\/h1>\n\n\n\n<div class=\"wp-block-columns is-layout-flex wp-container-core-columns-layout-1 wp-block-columns-is-layout-flex\">\n<div class=\"wp-block-column is-layout-flow wp-block-column-is-layout-flow\">\n<figure class=\"wp-block-image size-large\"><img loading=\"lazy\" decoding=\"async\" width=\"786\" height=\"1024\" src=\"https:\/\/studiomirta.com\/wp-content\/uploads\/2024\/10\/StudioMirtaII_Kuhinja_003-786x1024.jpg\" alt=\"\" class=\"wp-image-439\" srcset=\"https:\/\/studiomirta.com\/wp-content\/uploads\/2024\/10\/StudioMirtaII_Kuhinja_003-786x1024.jpg 786w, https:\/\/studiomirta.com\/wp-content\/uploads\/2024\/10\/StudioMirtaII_Kuhinja_003-230x300.jpg 230w, https:\/\/studiomirta.com\/wp-content\/uploads\/2024\/10\/StudioMirtaII_Kuhinja_003-768x1001.jpg 768w, https:\/\/studiomirta.com\/wp-content\/uploads\/2024\/10\/StudioMirtaII_Kuhinja_003-1179x1536.jpg 1179w, https:\/\/studiomirta.com\/wp-content\/uploads\/2024\/10\/StudioMirtaII_Kuhinja_003-1572x2048.jpg 1572w, https:\/\/studiomirta.com\/wp-content\/uploads\/2024\/10\/StudioMirtaII_Kuhinja_003-scaled.jpg 1965w\" sizes=\"(max-width: 786px) 100vw, 786px\" \/><\/figure>\n<\/div>\n\n\n\n<div class=\"wp-block-column is-layout-flow wp-block-column-is-layout-flow\">\n<figure class=\"wp-block-image size-large\"><img loading=\"lazy\" decoding=\"async\" width=\"768\" height=\"1024\" src=\"https:\/\/studiomirta.com\/wp-content\/uploads\/2024\/10\/StudioMirtaII_Kuhinja_004-768x1024.jpg\" alt=\"\" class=\"wp-image-438\" srcset=\"https:\/\/studiomirta.com\/wp-content\/uploads\/2024\/10\/StudioMirtaII_Kuhinja_004-768x1024.jpg 768w, https:\/\/studiomirta.com\/wp-content\/uploads\/2024\/10\/StudioMirtaII_Kuhinja_004-225x300.jpg 225w, https:\/\/studiomirta.com\/wp-content\/uploads\/2024\/10\/StudioMirtaII_Kuhinja_004-1152x1536.jpg 1152w, https:\/\/studiomirta.com\/wp-content\/uploads\/2024\/10\/StudioMirtaII_Kuhinja_004-1536x2048.jpg 1536w, https:\/\/studiomirta.com\/wp-content\/uploads\/2024\/10\/StudioMirtaII_Kuhinja_004-scaled.jpg 1920w\" sizes=\"(max-width: 768px) 100vw, 768px\" \/><\/figure>\n<\/div>\n<\/div>\n\n\n\n<hr class=\"wp-block-separator has-alpha-channel-opacity\"\/>\n\n\n\n<h1 class=\"wp-block-heading\">Spava\u0107i i dnevni dio<\/h1>\n\n\n\n<figure class=\"wp-block-image size-large\"><img loading=\"lazy\" decoding=\"async\" width=\"1024\" height=\"768\" src=\"https:\/\/studiomirta.com\/wp-content\/uploads\/2024\/10\/StudioMirtaII_Dnevni_001-1024x768.jpg\" alt=\"\" class=\"wp-image-449\" srcset=\"https:\/\/studiomirta.com\/wp-content\/uploads\/2024\/10\/StudioMirtaII_Dnevni_001-1024x768.jpg 1024w, https:\/\/studiomirta.com\/wp-content\/uploads\/2024\/10\/StudioMirtaII_Dnevni_001-300x225.jpg 300w, https:\/\/studiomirta.com\/wp-content\/uploads\/2024\/10\/StudioMirtaII_Dnevni_001-768x576.jpg 768w, https:\/\/studiomirta.com\/wp-content\/uploads\/2024\/10\/StudioMirtaII_Dnevni_001-1536x1152.jpg 1536w, https:\/\/studiomirta.com\/wp-content\/uploads\/2024\/10\/StudioMirtaII_Dnevni_001-2048x1536.jpg 2048w\" sizes=\"(max-width: 1024px) 100vw, 1024px\" \/><\/figure>\n\n\n\n<figure class=\"wp-block-gallery has-nested-images columns-default is-cropped wp-block-gallery-1 is-layout-flex wp-block-gallery-is-layout-flex\">\n<figure class=\"wp-block-image size-large\"><img loading=\"lazy\" decoding=\"async\" width=\"1024\" height=\"768\" data-id=\"445\" src=\"https:\/\/studiomirta.com\/wp-content\/uploads\/2024\/10\/StudioMirtaII_Dnevni_005-1024x768.jpg\" alt=\"\" class=\"wp-image-445\" srcset=\"https:\/\/studiomirta.com\/wp-content\/uploads\/2024\/10\/StudioMirtaII_Dnevni_005-1024x768.jpg 1024w, https:\/\/studiomirta.com\/wp-content\/uploads\/2024\/10\/StudioMirtaII_Dnevni_005-300x225.jpg 300w, https:\/\/studiomirta.com\/wp-content\/uploads\/2024\/10\/StudioMirtaII_Dnevni_005-768x576.jpg 768w, https:\/\/studiomirta.com\/wp-content\/uploads\/2024\/10\/StudioMirtaII_Dnevni_005-1536x1152.jpg 1536w, https:\/\/studiomirta.com\/wp-content\/uploads\/2024\/10\/StudioMirtaII_Dnevni_005-2048x1536.jpg 2048w\" sizes=\"(max-width: 1024px) 100vw, 1024px\" \/><\/figure>\n\n\n\n<figure class=\"wp-block-image size-large\"><img loading=\"lazy\" decoding=\"async\" width=\"1024\" height=\"768\" data-id=\"424\" src=\"https:\/\/studiomirta.com\/wp-content\/uploads\/2024\/10\/StudioMirtaII_Pomocni_004-1024x768.jpg\" alt=\"\" class=\"wp-image-424\" srcset=\"https:\/\/studiomirta.com\/wp-content\/uploads\/2024\/10\/StudioMirtaII_Pomocni_004-1024x768.jpg 1024w, https:\/\/studiomirta.com\/wp-content\/uploads\/2024\/10\/StudioMirtaII_Pomocni_004-300x225.jpg 300w, https:\/\/studiomirta.com\/wp-content\/uploads\/2024\/10\/StudioMirtaII_Pomocni_004-768x576.jpg 768w, https:\/\/studiomirta.com\/wp-content\/uploads\/2024\/10\/StudioMirtaII_Pomocni_004-1536x1152.jpg 1536w, https:\/\/studiomirta.com\/wp-content\/uploads\/2024\/10\/StudioMirtaII_Pomocni_004-2048x1536.jpg 2048w\" sizes=\"(max-width: 1024px) 100vw, 1024px\" \/><\/figure>\n\n\n\n<figure class=\"wp-block-image size-large\"><img loading=\"lazy\" decoding=\"async\" width=\"1024\" height=\"768\" data-id=\"427\" src=\"https:\/\/studiomirta.com\/wp-content\/uploads\/2024\/10\/StudioMirtaII_Pomocni_001-1024x768.jpg\" alt=\"\" class=\"wp-image-427\" srcset=\"https:\/\/studiomirta.com\/wp-content\/uploads\/2024\/10\/StudioMirtaII_Pomocni_001-1024x768.jpg 1024w, https:\/\/studiomirta.com\/wp-content\/uploads\/2024\/10\/StudioMirtaII_Pomocni_001-300x225.jpg 300w, https:\/\/studiomirta.com\/wp-content\/uploads\/2024\/10\/StudioMirtaII_Pomocni_001-768x576.jpg 768w, https:\/\/studiomirta.com\/wp-content\/uploads\/2024\/10\/StudioMirtaII_Pomocni_001-1536x1152.jpg 1536w, https:\/\/studiomirta.com\/wp-content\/uploads\/2024\/10\/StudioMirtaII_Pomocni_001-2048x1536.jpg 2048w\" sizes=\"(max-width: 1024px) 100vw, 1024px\" \/><\/figure>\n\n\n\n<figure class=\"wp-block-image size-large\"><img loading=\"lazy\" decoding=\"async\" width=\"1024\" height=\"768\" data-id=\"425\" src=\"https:\/\/studiomirta.com\/wp-content\/uploads\/2024\/10\/StudioMirtaII_Pomocni_003-1024x768.jpg\" alt=\"\" class=\"wp-image-425\" srcset=\"https:\/\/studiomirta.com\/wp-content\/uploads\/2024\/10\/StudioMirtaII_Pomocni_003-1024x768.jpg 1024w, https:\/\/studiomirta.com\/wp-content\/uploads\/2024\/10\/StudioMirtaII_Pomocni_003-300x225.jpg 300w, https:\/\/studiomirta.com\/wp-content\/uploads\/2024\/10\/StudioMirtaII_Pomocni_003-768x576.jpg 768w, https:\/\/studiomirta.com\/wp-content\/uploads\/2024\/10\/StudioMirtaII_Pomocni_003-1536x1152.jpg 1536w, https:\/\/studiomirta.com\/wp-content\/uploads\/2024\/10\/StudioMirtaII_Pomocni_003-2048x1536.jpg 2048w\" sizes=\"(max-width: 1024px) 100vw, 1024px\" \/><\/figure>\n\n\n\n<figure class=\"wp-block-image size-large\"><img loading=\"lazy\" decoding=\"async\" width=\"768\" height=\"1024\" data-id=\"417\" src=\"https:\/\/studiomirta.com\/wp-content\/uploads\/2024\/10\/StudioMirtaII_Spavaca_001-768x1024.jpg\" alt=\"\" class=\"wp-image-417\" srcset=\"https:\/\/studiomirta.com\/wp-content\/uploads\/2024\/10\/StudioMirtaII_Spavaca_001-768x1024.jpg 768w, https:\/\/studiomirta.com\/wp-content\/uploads\/2024\/10\/StudioMirtaII_Spavaca_001-225x300.jpg 225w, https:\/\/studiomirta.com\/wp-content\/uploads\/2024\/10\/StudioMirtaII_Spavaca_001-1152x1536.jpg 1152w, https:\/\/studiomirta.com\/wp-content\/uploads\/2024\/10\/StudioMirtaII_Spavaca_001-1536x2048.jpg 1536w, https:\/\/studiomirta.com\/wp-content\/uploads\/2024\/10\/StudioMirtaII_Spavaca_001-scaled.jpg 1920w\" sizes=\"(max-width: 768px) 100vw, 768px\" \/><\/figure>\n<\/figure>\n\n\n\n<hr class=\"wp-block-separator has-alpha-channel-opacity\"\/>\n\n\n\n<h1 class=\"wp-block-heading\">Blagovanje<\/h1>\n\n\n\n<figure class=\"wp-block-image size-large\"><img loading=\"lazy\" decoding=\"async\" width=\"768\" height=\"1024\" src=\"https:\/\/studiomirta.com\/wp-content\/uploads\/2024\/10\/StudioMirtaII_Kuhinja_001-768x1024.jpg\" alt=\"\" class=\"wp-image-441\" srcset=\"https:\/\/studiomirta.com\/wp-content\/uploads\/2024\/10\/StudioMirtaII_Kuhinja_001-768x1024.jpg 768w, https:\/\/studiomirta.com\/wp-content\/uploads\/2024\/10\/StudioMirtaII_Kuhinja_001-225x300.jpg 225w, https:\/\/studiomirta.com\/wp-content\/uploads\/2024\/10\/StudioMirtaII_Kuhinja_001-1152x1536.jpg 1152w, https:\/\/studiomirta.com\/wp-content\/uploads\/2024\/10\/StudioMirtaII_Kuhinja_001-1536x2048.jpg 1536w, https:\/\/studiomirta.com\/wp-content\/uploads\/2024\/10\/StudioMirtaII_Kuhinja_001-scaled.jpg 1920w\" sizes=\"(max-width: 768px) 100vw, 768px\" \/><\/figure>\n\n\n\n<hr class=\"wp-block-separator has-alpha-channel-opacity\"\/>\n\n\n\n<h1 class=\"wp-block-heading\">Kupaonica<\/h1>\n\n\n\n<div class=\"wp-block-columns is-layout-flex wp-container-core-columns-layout-2 wp-block-columns-is-layout-flex\">\n<div class=\"wp-block-column is-layout-flow wp-block-column-is-layout-flow\">\n<figure class=\"wp-block-image size-large\"><img loading=\"lazy\" decoding=\"async\" width=\"768\" height=\"1024\" src=\"https:\/\/studiomirta.com\/wp-content\/uploads\/2024\/10\/20241022_103350-768x1024.jpg\" alt=\"\" class=\"wp-image-499\" srcset=\"https:\/\/studiomirta.com\/wp-content\/uploads\/2024\/10\/20241022_103350-768x1024.jpg 768w, https:\/\/studiomirta.com\/wp-content\/uploads\/2024\/10\/20241022_103350-225x300.jpg 225w, https:\/\/studiomirta.com\/wp-content\/uploads\/2024\/10\/20241022_103350-1152x1536.jpg 1152w, https:\/\/studiomirta.com\/wp-content\/uploads\/2024\/10\/20241022_103350-1536x2048.jpg 1536w, https:\/\/studiomirta.com\/wp-content\/uploads\/2024\/10\/20241022_103350-scaled.jpg 1920w\" sizes=\"(max-width: 768px) 100vw, 768px\" \/><\/figure>\n<\/div>\n\n\n\n<div class=\"wp-block-column is-layout-flow wp-block-column-is-layout-flow\">\n<figure class=\"wp-block-image size-large\"><img loading=\"lazy\" decoding=\"async\" width=\"768\" height=\"1024\" src=\"https:\/\/studiomirta.com\/wp-content\/uploads\/2024\/10\/20241022_100921-768x1024.jpg\" alt=\"\" class=\"wp-image-504\" srcset=\"https:\/\/studiomirta.com\/wp-content\/uploads\/2024\/10\/20241022_100921-768x1024.jpg 768w, https:\/\/studiomirta.com\/wp-content\/uploads\/2024\/10\/20241022_100921-225x300.jpg 225w, https:\/\/studiomirta.com\/wp-content\/uploads\/2024\/10\/20241022_100921-1152x1536.jpg 1152w, https:\/\/studiomirta.com\/wp-content\/uploads\/2024\/10\/20241022_100921-1536x2048.jpg 1536w, https:\/\/studiomirta.com\/wp-content\/uploads\/2024\/10\/20241022_100921-scaled.jpg 1920w\" sizes=\"(max-width: 768px) 100vw, 768px\" \/><\/figure>\n<\/div>\n\n\n\n<div class=\"wp-block-column is-layout-flow wp-block-column-is-layout-flow\">\n<figure class=\"wp-block-image size-full is-resized\"><img decoding=\"async\" src=\"https:\/\/studiomirta.com\/wp-content\/uploads\/2024\/10\/20241022_102920.jpg\" alt=\"\" class=\"wp-image-498\" style=\"width:283px;height:auto\"\/><\/figure>\n<\/div>\n<\/div>\n\n\n\n<div class=\"wp-block-columns is-layout-flex wp-container-core-columns-layout-4 wp-block-columns-is-layout-flex\">\n<div class=\"wp-block-column is-layout-flow wp-block-column-is-layout-flow\">\n<div class=\"wp-block-columns is-layout-flex wp-container-core-columns-layout-3 wp-block-columns-is-layout-flex\">\n<div class=\"wp-block-column is-layout-flow wp-block-column-is-layout-flow\"><\/div>\n<\/div>\n<\/div>\n<\/div>\n","protected":false},"excerpt":{"rendered":"<p>Dragi gosti, vrlo pa\u017eljivo sam ure\u0111ivala interijer ovog prostora da sadr\u017ei sve ono \u0161to Vam je potrebno na putovanju. Izuzetno mi je va\u017eno da se osje\u0107ate ugodno i opu\u0161teno te da svojim smje\u0161tajem doprinesem kvaliteti i u\u017eitku Va\u0161eg putovanja i pomognem u stvaranju divnih uspomena.&nbsp;<a class=\"read-more\" href=\"https:\/\/studiomirta.com\/?page_id=454\">&hellip;<\/a><\/p>\n","protected":false},"author":1,"featured_media":0,"parent":0,"menu_order":0,"comment_status":"closed","ping_status":"closed","template":"","meta":{"footnotes":""},"_links":{"self":[{"href":"https:\/\/studiomirta.com\/index.php?rest_route=\/wp\/v2\/pages\/454"}],"collection":[{"href":"https:\/\/studiomirta.com\/index.php?rest_route=\/wp\/v2\/pages"}],"about":[{"href":"https:\/\/studiomirta.com\/index.php?rest_route=\/wp\/v2\/types\/page"}],"author":[{"embeddable":true,"href":"https:\/\/studiomirta.com\/index.php?rest_route=\/wp\/v2\/users\/1"}],"replies":[{"embeddable":true,"href":"https:\/\/studiomirta.com\/index.php?rest_route=%2Fwp%2Fv2%2Fcomments&post=454"}],"version-history":[{"count":7,"href":"https:\/\/studiomirta.com\/index.php?rest_route=\/wp\/v2\/pages\/454\/revisions"}],"predecessor-version":[{"id":507,"href":"https:\/\/studiomirta.com\/index.php?rest_route=\/wp\/v2\/pages\/454\/revisions\/507"}],"wp:attachment":[{"href":"https:\/\/studiomirta.com\/index.php?rest_route=%2Fwp%2Fv2%2Fmedia&parent=454"}],"curies":[{"name":"wp","href":"https:\/\/api.w.org\/{rel}","templated":true}]}}