{"id":410,"date":"2024-10-19T21:58:44","date_gmt":"2024-10-19T19:58:44","guid":{"rendered":"https:\/\/studiomirta.com\/?page_id=410"},"modified":"2024-10-22T12:33:49","modified_gmt":"2024-10-22T10:33:49","slug":"opremljenost","status":"publish","type":"page","link":"https:\/\/studiomirta.com\/?page_id=410","title":{"rendered":"Opremljenost Mirta II"},"content":{"rendered":"\n<p>Studio Mirta je bogato opremljen kvalitetnim ure\u0111ajima i opremom.<\/p>\n\n\n\n<hr class=\"wp-block-separator has-alpha-channel-opacity\"\/>\n\n\n\n<div class=\"wp-block-media-text is-stacked-on-mobile\"><figure class=\"wp-block-media-text__media\"><img loading=\"lazy\" decoding=\"async\" width=\"1024\" height=\"768\" src=\"https:\/\/studiomirta.com\/wp-content\/uploads\/2024\/10\/StudioMirtaII_Pomocni_001-1024x768.jpg\" alt=\"\" class=\"wp-image-427 size-full\" srcset=\"https:\/\/studiomirta.com\/wp-content\/uploads\/2024\/10\/StudioMirtaII_Pomocni_001-1024x768.jpg 1024w, https:\/\/studiomirta.com\/wp-content\/uploads\/2024\/10\/StudioMirtaII_Pomocni_001-300x225.jpg 300w, https:\/\/studiomirta.com\/wp-content\/uploads\/2024\/10\/StudioMirtaII_Pomocni_001-768x576.jpg 768w, https:\/\/studiomirta.com\/wp-content\/uploads\/2024\/10\/StudioMirtaII_Pomocni_001-1536x1152.jpg 1536w, https:\/\/studiomirta.com\/wp-content\/uploads\/2024\/10\/StudioMirtaII_Pomocni_001-2048x1536.jpg 2048w\" sizes=\"(max-width: 1024px) 100vw, 1024px\" \/><\/figure><div class=\"wp-block-media-text__content\">\n<h2 class=\"wp-block-heading\">Spava\u0107i prostor<\/h2>\n\n\n\n<ul>\n<li>Fiksni le\u017eaj dimenzija 140*200<\/li>\n<\/ul>\n\n\n\n<ul>\n<li>Fotelja na razvla\u010denje dimenzija 80*200<\/li>\n<\/ul>\n<\/div><\/div>\n\n\n\n<hr class=\"wp-block-separator has-alpha-channel-opacity\"\/>\n\n\n\n<div class=\"wp-block-media-text has-media-on-the-right is-stacked-on-mobile\" style=\"grid-template-columns:auto 41%\"><div class=\"wp-block-media-text__content\">\n<h2 class=\"wp-block-heading\">Kuhinja<\/h2>\n\n\n\n<ul>\n<li>Sudoper<\/li>\n\n\n\n<li>Plo\u0107a za kuhanje<\/li>\n\n\n\n<li>Hladnjak sa ledenicom<\/li>\n\n\n\n<li>Perilica su\u0111a<\/li>\n\n\n\n<li>Mikrovalna pe\u0107nica<\/li>\n\n\n\n<li>Kuhalo vode<\/li>\n\n\n\n<li>Kuhinjske krpe<\/li>\n\n\n\n<li>Ostalo: deterd\u017eent za pranje su\u0111a, tablete za perilicu posu\u0111a, vre\u0107e za sme\u0107e<\/li>\n\n\n\n<li>Osnovne namirnice za kuhanje: ulje, ocat, sol, \u0161e\u0107er, za\u010dini, kava, \u010daj<\/li>\n<\/ul>\n<\/div><figure class=\"wp-block-media-text__media\"><img loading=\"lazy\" decoding=\"async\" width=\"768\" height=\"1024\" src=\"https:\/\/studiomirta.com\/wp-content\/uploads\/2024\/10\/StudioMirtaII_Kuhinja_004-768x1024.jpg\" alt=\"\" class=\"wp-image-438 size-full\" srcset=\"https:\/\/studiomirta.com\/wp-content\/uploads\/2024\/10\/StudioMirtaII_Kuhinja_004-768x1024.jpg 768w, https:\/\/studiomirta.com\/wp-content\/uploads\/2024\/10\/StudioMirtaII_Kuhinja_004-225x300.jpg 225w, https:\/\/studiomirta.com\/wp-content\/uploads\/2024\/10\/StudioMirtaII_Kuhinja_004-1152x1536.jpg 1152w, https:\/\/studiomirta.com\/wp-content\/uploads\/2024\/10\/StudioMirtaII_Kuhinja_004-1536x2048.jpg 1536w, https:\/\/studiomirta.com\/wp-content\/uploads\/2024\/10\/StudioMirtaII_Kuhinja_004-scaled.jpg 1920w\" sizes=\"(max-width: 768px) 100vw, 768px\" \/><\/figure><\/div>\n\n\n\n<hr class=\"wp-block-separator has-alpha-channel-opacity\"\/>\n\n\n\n<div class=\"wp-block-columns alignwide are-vertically-aligned-top is-layout-flex wp-container-core-columns-layout-1 wp-block-columns-is-layout-flex\">\n<div class=\"wp-block-column is-vertically-aligned-top is-layout-flow wp-block-column-is-layout-flow\">\n<div class=\"wp-block-group wp-container-content-2 is-vertical is-content-justification-left is-nowrap is-layout-flex wp-container-core-group-layout-1 wp-block-group-is-layout-flex\" style=\"margin-top:0;margin-bottom:0\">\n<figure class=\"wp-block-image size-large wp-container-content-1\"><img loading=\"lazy\" decoding=\"async\" width=\"1024\" height=\"768\" src=\"https:\/\/studiomirta.com\/wp-content\/uploads\/2024\/10\/StudioMirtaII_Kuhinja_006-1024x768.jpg\" alt=\"\" class=\"wp-image-436\" srcset=\"https:\/\/studiomirta.com\/wp-content\/uploads\/2024\/10\/StudioMirtaII_Kuhinja_006-1024x768.jpg 1024w, https:\/\/studiomirta.com\/wp-content\/uploads\/2024\/10\/StudioMirtaII_Kuhinja_006-300x225.jpg 300w, https:\/\/studiomirta.com\/wp-content\/uploads\/2024\/10\/StudioMirtaII_Kuhinja_006-768x576.jpg 768w, https:\/\/studiomirta.com\/wp-content\/uploads\/2024\/10\/StudioMirtaII_Kuhinja_006-1536x1152.jpg 1536w, https:\/\/studiomirta.com\/wp-content\/uploads\/2024\/10\/StudioMirtaII_Kuhinja_006-2048x1536.jpg 2048w\" sizes=\"(max-width: 1024px) 100vw, 1024px\" \/><\/figure>\n<\/div>\n<\/div>\n\n\n\n<div class=\"wp-block-column is-vertically-aligned-top is-layout-flow wp-block-column-is-layout-flow\">\n<div class=\"wp-block-group wp-container-content-3 is-vertical is-layout-flex wp-container-core-group-layout-3 wp-block-group-is-layout-flex\" style=\"margin-top:0;margin-bottom:0\">\n<div class=\"wp-block-group is-vertical is-nowrap is-layout-flex wp-container-core-group-layout-2 wp-block-group-is-layout-flex\">\n<h2 class=\"wp-block-heading\">Blagavaona<\/h2>\n<\/div>\n\n\n\n<figure class=\"wp-block-image size-large\" style=\"font-size:14px\"><img loading=\"lazy\" decoding=\"async\" width=\"1024\" height=\"789\" src=\"https:\/\/studiomirta.com\/wp-content\/uploads\/2024\/10\/StudioMirtaII_Kuhinja_005-1024x789.jpg\" alt=\"\" class=\"wp-image-437\" srcset=\"https:\/\/studiomirta.com\/wp-content\/uploads\/2024\/10\/StudioMirtaII_Kuhinja_005-1024x789.jpg 1024w, https:\/\/studiomirta.com\/wp-content\/uploads\/2024\/10\/StudioMirtaII_Kuhinja_005-300x231.jpg 300w, https:\/\/studiomirta.com\/wp-content\/uploads\/2024\/10\/StudioMirtaII_Kuhinja_005-768x592.jpg 768w, https:\/\/studiomirta.com\/wp-content\/uploads\/2024\/10\/StudioMirtaII_Kuhinja_005-1536x1183.jpg 1536w, https:\/\/studiomirta.com\/wp-content\/uploads\/2024\/10\/StudioMirtaII_Kuhinja_005-2048x1578.jpg 2048w\" sizes=\"(max-width: 1024px) 100vw, 1024px\" \/><\/figure>\n<\/div>\n<\/div>\n<\/div>\n\n\n\n<hr class=\"wp-block-separator has-alpha-channel-opacity\"\/>\n\n\n\n<h2 class=\"wp-block-heading\">Kupaonica<\/h2>\n\n\n\n<div class=\"wp-block-group is-layout-constrained wp-block-group-is-layout-constrained\"><div class=\"wp-block-group__inner-container\">\n<div class=\"wp-block-columns is-layout-flex wp-container-core-columns-layout-2 wp-block-columns-is-layout-flex\">\n<div class=\"wp-block-column is-layout-flow wp-block-column-is-layout-flow\">\n<ul>\n<li>Perilica ze rublje<\/li>\n<\/ul>\n\n\n\n<ul>\n<li>Tu\u0161<\/li>\n<\/ul>\n\n\n\n<p><\/p>\n\n\n\n<ul>\n<li>WC papir, gel za tu\u0161iranje, pasta za zube<\/li>\n<\/ul>\n\n\n\n<ul>\n<li>deterd\u017eent za pranje rublja<\/li>\n<\/ul>\n\n\n\n<p><\/p>\n<\/div>\n\n\n\n<div class=\"wp-block-column is-layout-flow wp-block-column-is-layout-flow\">\n<figure class=\"wp-block-image size-large\"><img loading=\"lazy\" decoding=\"async\" width=\"768\" height=\"1024\" src=\"https:\/\/studiomirta.com\/wp-content\/uploads\/2024\/10\/20241022_100921-768x1024.jpg\" alt=\"\" class=\"wp-image-504\" srcset=\"https:\/\/studiomirta.com\/wp-content\/uploads\/2024\/10\/20241022_100921-768x1024.jpg 768w, https:\/\/studiomirta.com\/wp-content\/uploads\/2024\/10\/20241022_100921-225x300.jpg 225w, https:\/\/studiomirta.com\/wp-content\/uploads\/2024\/10\/20241022_100921-1152x1536.jpg 1152w, https:\/\/studiomirta.com\/wp-content\/uploads\/2024\/10\/20241022_100921-1536x2048.jpg 1536w, https:\/\/studiomirta.com\/wp-content\/uploads\/2024\/10\/20241022_100921-scaled.jpg 1920w\" sizes=\"(max-width: 768px) 100vw, 768px\" \/><\/figure>\n<\/div>\n<\/div>\n<\/div><\/div>\n\n\n\n<hr class=\"wp-block-separator has-alpha-channel-opacity\"\/>\n\n\n\n<h2 class=\"wp-block-heading\">Ostala oprema<\/h2>\n\n\n\n<ul>\n<li>HD TV<\/li>\n\n\n\n<li>Klima<\/li>\n\n\n\n<li>Pegla<\/li>\n\n\n\n<li>Su\u0161ilica<\/li>\n\n\n\n<li>Fen za kosu<\/li>\n\n\n\n<li>Posteljina<\/li>\n\n\n\n<li>Ru\u010dnici<\/li>\n\n\n\n<li>Kuhinjske krpe<\/li>\n<\/ul>\n\n\n\n<p><\/p>\n","protected":false},"excerpt":{"rendered":"<p>Studio Mirta je bogato opremljen kvalitetnim ure\u0111ajima i opremom. Blagavaona Kupaonica Ostala oprema<\/p>\n","protected":false},"author":1,"featured_media":0,"parent":375,"menu_order":0,"comment_status":"closed","ping_status":"closed","template":"","meta":{"footnotes":""},"_links":{"self":[{"href":"https:\/\/studiomirta.com\/index.php?rest_route=\/wp\/v2\/pages\/410"}],"collection":[{"href":"https:\/\/studiomirta.com\/index.php?rest_route=\/wp\/v2\/pages"}],"about":[{"href":"https:\/\/studiomirta.com\/index.php?rest_route=\/wp\/v2\/types\/page"}],"author":[{"embeddable":true,"href":"https:\/\/studiomirta.com\/index.php?rest_route=\/wp\/v2\/users\/1"}],"replies":[{"embeddable":true,"href":"https:\/\/studiomirta.com\/index.php?rest_route=%2Fwp%2Fv2%2Fcomments&post=410"}],"version-history":[{"count":9,"href":"https:\/\/studiomirta.com\/index.php?rest_route=\/wp\/v2\/pages\/410\/revisions"}],"predecessor-version":[{"id":506,"href":"https:\/\/studiomirta.com\/index.php?rest_route=\/wp\/v2\/pages\/410\/revisions\/506"}],"up":[{"embeddable":true,"href":"https:\/\/studiomirta.com\/index.php?rest_route=\/wp\/v2\/pages\/375"}],"wp:attachment":[{"href":"https:\/\/studiomirta.com\/index.php?rest_route=%2Fwp%2Fv2%2Fmedia&parent=410"}],"curies":[{"name":"wp","href":"https:\/\/api.w.org\/{rel}","templated":true}]}}