{"id":375,"date":"2024-10-19T20:43:16","date_gmt":"2024-10-19T18:43:16","guid":{"rendered":"https:\/\/studiomirta.com\/?page_id=375"},"modified":"2024-10-19T23:17:32","modified_gmt":"2024-10-19T21:17:32","slug":"studio-apartman-mirta-ii","status":"publish","type":"page","link":"https:\/\/studiomirta.com\/?page_id=375","title":{"rendered":"Studio apartman Mirta II"},"content":{"rendered":"\n<hr class=\"wp-block-separator has-alpha-channel-opacity\"\/>\n\n\n\n<div class=\"wp-block-columns is-layout-flex wp-container-core-columns-layout-1 wp-block-columns-is-layout-flex\">\n<div class=\"wp-block-column is-layout-flow wp-block-column-is-layout-flow\">\n<p><\/p>\n\n\n\n<p>Studio apartman Mirta II nalazi se u Vara\u017edinu na adresi Zagreba\u010dka 86B. Izuzetno je ugodan i miran smje\u0161taj sa pogledom na Zagreba\u010dku ulicu. <\/p>\n\n\n\n<p>Nalazi se u stambenoj zgradi, na prvom katu. Na ulazu u zgradu nalazi se dovoljno parkirnih mjesta koja se ne napla\u0107uju. <\/p>\n\n\n\n<p>Gostima je omogu\u0107en samostalan ulazak u zgradu i Studio putem kodova (self check-in &amp; out). <\/p>\n\n\n\n<p>Studio je udaljen 900m od gradskog sredi\u0161ta, 200 metara od Gradskih bazena i Tehnolo\u0161kog parka te 500m od nogometnog stadiona An\u0111elko Herjavec (Varteks). <\/p>\n\n\n\n<p>U neposrednoj blizini nalaze se supermarketi, banka, ljekarna, po\u0161ta i pekara.<\/p>\n<\/div>\n\n\n\n<div class=\"wp-block-column is-layout-flow wp-block-column-is-layout-flow\">\n<figure class=\"wp-block-image size-large\"><img loading=\"lazy\" decoding=\"async\" width=\"1024\" height=\"768\" src=\"https:\/\/studiomirta.com\/wp-content\/uploads\/2024\/10\/StudioMirtaII_Dnevni_002-1024x768.jpg\" alt=\"\" class=\"wp-image-448\" srcset=\"https:\/\/studiomirta.com\/wp-content\/uploads\/2024\/10\/StudioMirtaII_Dnevni_002-1024x768.jpg 1024w, https:\/\/studiomirta.com\/wp-content\/uploads\/2024\/10\/StudioMirtaII_Dnevni_002-300x225.jpg 300w, https:\/\/studiomirta.com\/wp-content\/uploads\/2024\/10\/StudioMirtaII_Dnevni_002-768x576.jpg 768w, https:\/\/studiomirta.com\/wp-content\/uploads\/2024\/10\/StudioMirtaII_Dnevni_002-1536x1152.jpg 1536w, https:\/\/studiomirta.com\/wp-content\/uploads\/2024\/10\/StudioMirtaII_Dnevni_002-2048x1536.jpg 2048w\" sizes=\"(max-width: 1024px) 100vw, 1024px\" \/><\/figure>\n<\/div>\n<\/div>\n\n\n\n<p><\/p>\n\n\n\n<p><\/p>\n","protected":false},"excerpt":{"rendered":"<p>Studio apartman Mirta II nalazi se u Vara\u017edinu na adresi Zagreba\u010dka 86B. Izuzetno je ugodan i miran smje\u0161taj sa pogledom na Zagreba\u010dku ulicu. Nalazi se u stambenoj zgradi, na prvom katu. Na ulazu u zgradu nalazi se dovoljno parkirnih mjesta koja se ne napla\u0107uju. Gostima&nbsp;<a class=\"read-more\" href=\"https:\/\/studiomirta.com\/?page_id=375\">&hellip;<\/a><\/p>\n","protected":false},"author":1,"featured_media":447,"parent":0,"menu_order":0,"comment_status":"closed","ping_status":"closed","template":"","meta":{"footnotes":""},"_links":{"self":[{"href":"https:\/\/studiomirta.com\/index.php?rest_route=\/wp\/v2\/pages\/375"}],"collection":[{"href":"https:\/\/studiomirta.com\/index.php?rest_route=\/wp\/v2\/pages"}],"about":[{"href":"https:\/\/studiomirta.com\/index.php?rest_route=\/wp\/v2\/types\/page"}],"author":[{"embeddable":true,"href":"https:\/\/studiomirta.com\/index.php?rest_route=\/wp\/v2\/users\/1"}],"replies":[{"embeddable":true,"href":"https:\/\/studiomirta.com\/index.php?rest_route=%2Fwp%2Fv2%2Fcomments&post=375"}],"version-history":[{"count":10,"href":"https:\/\/studiomirta.com\/index.php?rest_route=\/wp\/v2\/pages\/375\/revisions"}],"predecessor-version":[{"id":494,"href":"https:\/\/studiomirta.com\/index.php?rest_route=\/wp\/v2\/pages\/375\/revisions\/494"}],"wp:featuredmedia":[{"embeddable":true,"href":"https:\/\/studiomirta.com\/index.php?rest_route=\/wp\/v2\/media\/447"}],"wp:attachment":[{"href":"https:\/\/studiomirta.com\/index.php?rest_route=%2Fwp%2Fv2%2Fmedia&parent=375"}],"curies":[{"name":"wp","href":"https:\/\/api.w.org\/{rel}","templated":true}]}}