{"id":118,"date":"2024-01-23T19:03:39","date_gmt":"2024-01-23T19:03:39","guid":{"rendered":"https:\/\/studiomirta.com\/?page_id=118"},"modified":"2024-02-14T11:43:19","modified_gmt":"2024-02-14T10:43:19","slug":"faq","status":"publish","type":"page","link":"https:\/\/studiomirta.com\/?page_id=118","title":{"rendered":"FAQ"},"content":{"rendered":"\n<figure class=\"wp-block-image size-large\"><img loading=\"lazy\" decoding=\"async\" width=\"1024\" height=\"768\" src=\"https:\/\/studiomirta.com\/wp-content\/uploads\/2024\/01\/IMG_20240125_131134-1024x768.jpg\" alt=\"\" class=\"wp-image-213\" srcset=\"https:\/\/studiomirta.com\/wp-content\/uploads\/2024\/01\/IMG_20240125_131134-1024x768.jpg 1024w, https:\/\/studiomirta.com\/wp-content\/uploads\/2024\/01\/IMG_20240125_131134-300x225.jpg 300w, https:\/\/studiomirta.com\/wp-content\/uploads\/2024\/01\/IMG_20240125_131134-768x576.jpg 768w, https:\/\/studiomirta.com\/wp-content\/uploads\/2024\/01\/IMG_20240125_131134-1536x1152.jpg 1536w, https:\/\/studiomirta.com\/wp-content\/uploads\/2024\/01\/IMG_20240125_131134-2048x1536.jpg 2048w\" sizes=\"(max-width: 1024px) 100vw, 1024px\" \/><\/figure>\n\n\n\n<h1 class=\"wp-block-heading\">Parking<\/h1>\n\n\n\n<ul>\n<li>Gdje mogu parkirati?\n<ul>\n<li>Parkirati se mo\u017ee na javnom parkirali\u0161tu, na ulazu u zgradu, preko puta zgrade ili okolo zgrade na ozna\u010dena mjesta.<\/li>\n<\/ul>\n<\/li>\n\n\n\n<li>Napla\u0107uje li se javni parking okolo zgrade?\n<ul>\n<li>Javni parking se ne napla\u0107uje!<\/li>\n<\/ul>\n<\/li>\n\n\n\n<li>Mogu li rezervirati parking?\n<ul>\n<li>Nije mogu\u0107e rezervirati parking mjesto!<\/li>\n<\/ul>\n<\/li>\n<\/ul>\n\n\n\n<hr class=\"wp-block-separator has-alpha-channel-opacity\"\/>\n\n\n\n<h2 class=\"wp-block-heading\">Klju\u010devi<\/h2>\n\n\n\n<ul>\n<li>Kako \u0107u preuzeti klju\u010d apartmana?\n<ul>\n<li>Klju\u010d se nalazi se u sefu pored ulaznih vrata apartmana, a kod za sef dobiti \u0107ete na dan dolaska kada je apartman spreman!<\/li>\n<\/ul>\n<\/li>\n\n\n\n<li>Kako \u0107u preuzeti klju\u010d za ulaz u zgradu?\n<ul>\n<li>u zgradu se ulazi tipkanjem koda na digitalnoj plo\u010di pored vrata.<\/li>\n<\/ul>\n<\/li>\n<\/ul>\n\n\n\n<hr class=\"wp-block-separator has-alpha-channel-opacity\"\/>\n\n\n\n<h1 class=\"wp-block-heading\">Vrijeme dolaska<\/h1>\n\n\n\n<ul>\n<li>Kada najranije mogu do\u0107i u apartman?\n<ul>\n<li>Mo\u017eete do\u0107i nakon 14:00h, a nakon \u0161to ste dobili kod za ulaz u zgradu i kod za sef gdje se nalazi klju\u010d apartmana!<\/li>\n<\/ul>\n<\/li>\n\n\n\n<li>Kada najkasnije mogu do\u0107i u apartman?\n<ul>\n<li>Mo\u017eete do\u0107i bilo kada nakon 14:00h, nema ograni\u010denja?<\/li>\n<\/ul>\n<\/li>\n\n\n\n<li>Mo\u017ee li se dogovoriti ranije vrijeme ulaska\n<ul>\n<li>Naravno, mo\u017eete zatra\u017eiti raniji ulazak, a ovisno o mogu\u0107nosti to \u0107e se odobriti ili ne\u0107e.<\/li>\n<\/ul>\n<\/li>\n<\/ul>\n\n\n\n<hr class=\"wp-block-separator has-alpha-channel-opacity\"\/>\n\n\n\n<h1 class=\"wp-block-heading\">Vrijeme odlaska<\/h1>\n\n\n\n<ul>\n<li>Kada trebam iza\u0107i iz apartmana?\n<ul>\n<li>Apartman trebate napustiti do 10:00h.<\/li>\n<\/ul>\n<\/li>\n\n\n\n<li>Mogu li ostati du\u017ee u apartmanu?\n<ul>\n<li>Za dogovor o kasnijem ostanku javite se prilikom rezervacije da se vidi da li je to mogu\u0107e.<\/li>\n<\/ul>\n<\/li>\n<\/ul>\n\n\n\n<hr class=\"wp-block-separator has-alpha-channel-opacity\"\/>\n\n\n\n<h1 class=\"wp-block-heading\">Podaci za prijavu gostiju<\/h1>\n\n\n\n<ul>\n<li>Koje dokumente trebam pripremiti?\n<ul>\n<li>Pripremite osobnu kartu, putovnicu ili voza\u010dku dozvolu.<\/li>\n<\/ul>\n<\/li>\n\n\n\n<li>Koji podaci su potrebni za prijavu gostiju?\n<ul>\n<li>Ime, prezime, spol, vrsta dokumenta (voza\u010dka dozvola, osobna iskaznica, putovnica), broj dokumenta, dr\u017eava ro\u0111enja, dr\u017eava prebivali\u0161ta, datum ro\u0111enja, grad prebivali\u0161ta.<\/li>\n<\/ul>\n<\/li>\n\n\n\n<li>Podatke je potrebno poslati prije dolaska u apartman. Kod za ulaz mogu\u0107e je dobiti tek kada su poslani podaci za prijavu gosta.<\/li>\n<\/ul>\n\n\n\n<hr class=\"wp-block-separator has-alpha-channel-opacity\"\/>\n\n\n\n<h1 class=\"wp-block-heading\">Pla\u0107anje<\/h1>\n\n\n\n<ul>\n<li>Na koji na\u010din mogu platiti smje\u0161taj?\n<ul>\n<li>uplatom na ra\u010dun &#8211; IBAN<\/li>\n\n\n\n<li>Revolut ra\u010dun<\/li>\n\n\n\n<li>KEKS ra\u010dun<\/li>\n<\/ul>\n<\/li>\n\n\n\n<li>Kada je potrebno platiti smje\u0161taj?\n<ul>\n<li>Smje\u0161taj se pla\u0107a do 3 dana prije dolaska ili prilikom rezervacije.<\/li>\n<\/ul>\n<\/li>\n\n\n\n<li>Mogu li platiti smje\u0161taj prilikom dolaska?\n<ul>\n<li>Smje\u0161taj se pla\u0107a isklju\u010divo na ra\u010dun.<\/li>\n<\/ul>\n<\/li>\n<\/ul>\n\n\n\n<hr class=\"wp-block-separator has-alpha-channel-opacity\"\/>\n\n\n\n<h1 class=\"wp-block-heading\">Otkazivanje rezervacije<\/h1>\n\n\n\n<p>Rezervaciju je mogu\u0107e otkazati do 3 dana prije dolaska.<\/p>\n","protected":false},"excerpt":{"rendered":"<p>Parking Klju\u010devi Vrijeme dolaska Vrijeme odlaska Podaci za prijavu gostiju Pla\u0107anje Otkazivanje rezervacije Rezervaciju je mogu\u0107e otkazati do 3 dana prije dolaska.<\/p>\n","protected":false},"author":1,"featured_media":0,"parent":0,"menu_order":0,"comment_status":"closed","ping_status":"closed","template":"","meta":{"footnotes":""},"_links":{"self":[{"href":"https:\/\/studiomirta.com\/index.php?rest_route=\/wp\/v2\/pages\/118"}],"collection":[{"href":"https:\/\/studiomirta.com\/index.php?rest_route=\/wp\/v2\/pages"}],"about":[{"href":"https:\/\/studiomirta.com\/index.php?rest_route=\/wp\/v2\/types\/page"}],"author":[{"embeddable":true,"href":"https:\/\/studiomirta.com\/index.php?rest_route=\/wp\/v2\/users\/1"}],"replies":[{"embeddable":true,"href":"https:\/\/studiomirta.com\/index.php?rest_route=%2Fwp%2Fv2%2Fcomments&post=118"}],"version-history":[{"count":6,"href":"https:\/\/studiomirta.com\/index.php?rest_route=\/wp\/v2\/pages\/118\/revisions"}],"predecessor-version":[{"id":343,"href":"https:\/\/studiomirta.com\/index.php?rest_route=\/wp\/v2\/pages\/118\/revisions\/343"}],"wp:attachment":[{"href":"https:\/\/studiomirta.com\/index.php?rest_route=%2Fwp%2Fv2%2Fmedia&parent=118"}],"curies":[{"name":"wp","href":"https:\/\/api.w.org\/{rel}","templated":true}]}}